{"id":32,"date":"2025-12-08T15:38:58","date_gmt":"2025-12-08T14:38:58","guid":{"rendered":"https:\/\/bowenpiotrkow.pl\/?page_id=32"},"modified":"2025-12-18T20:22:16","modified_gmt":"2025-12-18T19:22:16","slug":"kontakt","status":"publish","type":"page","link":"https:\/\/bowenpiotrkow.pl\/?page_id=32","title":{"rendered":"Kontakt"},"content":{"rendered":"\n<h1 class=\"wp-block-heading has-text-align-center has-theme-palette-4-color has-text-color has-link-color wp-elements-56b894aaa94f773900832176bd050d2f\">Kontakt \u2013 Terapia Bowena i Bella Mimica | Piotrk\u00f3w Trybunalski<\/h1>\n\n\n\n<p class=\"has-text-align-center\">Gabinet terapii Bowena i masa\u017cu Bella Mimica znajduje si\u0119 w <strong>Piotrkowie Trybunalskim<\/strong>.<br>Pracuj\u0119 metodami <strong>terapii manualnej<\/strong>, kt\u00f3re wspieraj\u0105 <strong>ulg\u0119 w b\u00f3lu<\/strong>, redukcj\u0119 napi\u0119\u0107 mi\u0119\u015bniowych oraz popraw\u0119 og\u00f3lnego komfortu cia\u0142a. <em>Wi\u0119cej informacji znajdziesz w sekcji <strong><a href=\"https:\/\/bowenpiotrkow.pl\/?page_id=84\" data-type=\"page\" data-id=\"84\">FAQ<\/a><\/strong><\/em>.<\/p>\n\n\n\n<p class=\"has-text-align-center\">To propozycja dla os\u00f3b poszukuj\u0105cych <strong>naturalnych, delikatnych metod pracy z cia\u0142em<\/strong>, pomocnych przy dolegliwo\u015bciach b\u00f3lowych, przeci\u0105\u017ceniach oraz potrzebie regeneracji i wyciszenia.<\/p>\n\n\n\n<p class=\"has-text-align-center\">Zapraszam mieszka\u0144c\u00f3w Piotrkowa Trybunalskiego i okolic, kt\u00f3rzy szukaj\u0105 indywidualnego podej\u015bcia oraz spokojnej przestrzeni do pracy z cia\u0142em.<\/p>\n\n\n\n<div class=\"wp-block-group has-theme-palette-4-color has-text-color has-background has-link-color wp-elements-a3dd34c2a1b3f1c2cbe90af59fbba460\" style=\"background-color:#faf7f3;margin-top:0;margin-bottom:0;padding-top:40px;padding-right:20px;padding-bottom:40px;padding-left:20px\"><div class=\"wp-block-group__inner-container is-layout-constrained wp-container-core-group-is-layout-d382c7d2 wp-block-group-is-layout-constrained\">\n<p><strong>Telefon:<\/strong> <a href=\"tel:695609789\">695 609 789<\/a><\/p>\n\n\n\n<p><strong>E-mail:<\/strong> <a href=\"mailto:kontakt@bowenpiotrkow.pl\">kontakt@bowenpiotrkow.pl<\/a><\/p>\n\n\n\n<p><strong>Adres gabinetu:<\/strong><br>Piotrk\u00f3w Trybunalski ul. S\u0142owackiego 67 lok. 110 (1. pi\u0119tro)<\/p>\n\n\n\n<p><strong>Godziny przyj\u0119\u0107:<\/strong><br>pon.\u2013pt. 9:00\u201318:00<br>(po wcze\u015bniejszym um\u00f3wieniu wizyty)<\/p>\n\n\n\n<p>Je\u015bli chcesz dowiedzie\u0107 si\u0119 wi\u0119cej o zabiegach, czasie trwania sesji czy przygotowaniu do wizyty, zajrzyj do sekcji <strong><a href=\"https:\/\/bowenpiotrkow.pl\/?page_id=84\" data-type=\"page\" data-id=\"84\">FAQ<\/a><\/strong>.<\/p>\n\n\n\n<div class=\"wp-block-buttons has-custom-font-size has-medium-font-size is-content-justification-center is-layout-flex wp-container-core-buttons-is-layout-16018d1d wp-block-buttons-is-layout-flex\">\n<div class=\"wp-block-button\"><a class=\"wp-block-button__link has-theme-palette-7-color has-theme-palette-4-background-color has-text-color has-background has-link-color wp-element-button\" href=\"tel:695609789\">Um\u00f3w wizyt\u0119<\/a><\/div>\n<\/div>\n\n\n<div class=\"wp-block-image\">\n<figure class=\"aligncenter size-large is-resized has-custom-border\"><img fetchpriority=\"high\" decoding=\"async\" width=\"1024\" height=\"683\" src=\"https:\/\/bowenpiotrkow.pl\/wp-content\/uploads\/2025\/12\/Gabinet-1024x683.jpg\" alt=\"Gabinet terapii Bowena i masa\u017cu Bella Mimica w Piotrkowie Trybunalskim\" class=\"wp-image-127\" style=\"border-top-left-radius:8px;border-top-right-radius:8px;border-bottom-left-radius:8px;border-bottom-right-radius:8px;aspect-ratio:1.4992789578390957;width:538px;height:auto\" srcset=\"https:\/\/bowenpiotrkow.pl\/wp-content\/uploads\/2025\/12\/Gabinet-1024x683.jpg 1024w, https:\/\/bowenpiotrkow.pl\/wp-content\/uploads\/2025\/12\/Gabinet-300x200.jpg 300w, https:\/\/bowenpiotrkow.pl\/wp-content\/uploads\/2025\/12\/Gabinet-768x512.jpg 768w, https:\/\/bowenpiotrkow.pl\/wp-content\/uploads\/2025\/12\/Gabinet.jpg 1200w\" sizes=\"(max-width: 1024px) 100vw, 1024px\" \/><\/figure>\n<\/div>\n\n\n<p>Gabinet znajduje si\u0119 na 1. pi\u0119trze w budynku z wind\u0105.<br>Przed budynkiem dost\u0119pny jest parking.<br>Prosz\u0119 o punktualne przybycie na wizyt\u0119.<\/p>\n\n\n\n<iframe src=\"https:\/\/www.google.com\/maps\/embed?pb=!1m18!1m12!1m3!1d2488.630391245414!2d19.674713776179185!3d51.409845671791246!2m3!1f0!2f0!3f0!3m2!1i1024!2i768!4f13.1!3m3!1m2!1s0x47198b3e2974be21%3A0xc01bd4381ee53c34!2sTerapia%20Bowena%20Anetta%20Matczak%2C%20Beata%20%C5%9Al%C4%85zak!5e0!3m2!1spl!2spl!4v1765823466910!5m2!1spl!2spl\" width=\"600\" height=\"450\" style=\"border:0;\" allowfullscreen=\"\" loading=\"lazy\" referrerpolicy=\"no-referrer-when-downgrade\"><\/iframe>\n<\/div><\/div>\n","protected":false},"excerpt":{"rendered":"<p>Kontakt \u2013 Terapia Bowena i Bella Mimica | Piotrk\u00f3w Trybunalski Gabinet terapii Bowena i masa\u017cu Bella Mimica znajduje si\u0119 w Piotrkowie Trybunalskim.Pracuj\u0119 metodami terapii manualnej, kt\u00f3re wspieraj\u0105 ulg\u0119 w b\u00f3lu, redukcj\u0119 napi\u0119\u0107 mi\u0119\u015bniowych oraz popraw\u0119 og\u00f3lnego komfortu cia\u0142a. Wi\u0119cej informacji znajdziesz w sekcji FAQ. To propozycja dla os\u00f3b poszukuj\u0105cych naturalnych, delikatnych metod pracy z cia\u0142em,&#8230;<\/p>\n","protected":false},"author":1,"featured_media":0,"parent":0,"menu_order":0,"comment_status":"closed","ping_status":"closed","template":"","meta":{"_kad_post_transparent":"","_kad_post_title":"","_kad_post_layout":"","_kad_post_sidebar_id":"","_kad_post_content_style":"","_kad_post_vertical_padding":"","_kad_post_feature":"","_kad_post_feature_position":"","_kad_post_header":false,"_kad_post_footer":false,"_kad_post_classname":"","footnotes":""},"class_list":["post-32","page","type-page","status-publish","hentry"],"_links":{"self":[{"href":"https:\/\/bowenpiotrkow.pl\/index.php?rest_route=\/wp\/v2\/pages\/32","targetHints":{"allow":["GET"]}}],"collection":[{"href":"https:\/\/bowenpiotrkow.pl\/index.php?rest_route=\/wp\/v2\/pages"}],"about":[{"href":"https:\/\/bowenpiotrkow.pl\/index.php?rest_route=\/wp\/v2\/types\/page"}],"author":[{"embeddable":true,"href":"https:\/\/bowenpiotrkow.pl\/index.php?rest_route=\/wp\/v2\/users\/1"}],"replies":[{"embeddable":true,"href":"https:\/\/bowenpiotrkow.pl\/index.php?rest_route=%2Fwp%2Fv2%2Fcomments&post=32"}],"version-history":[{"count":13,"href":"https:\/\/bowenpiotrkow.pl\/index.php?rest_route=\/wp\/v2\/pages\/32\/revisions"}],"predecessor-version":[{"id":144,"href":"https:\/\/bowenpiotrkow.pl\/index.php?rest_route=\/wp\/v2\/pages\/32\/revisions\/144"}],"wp:attachment":[{"href":"https:\/\/bowenpiotrkow.pl\/index.php?rest_route=%2Fwp%2Fv2%2Fmedia&parent=32"}],"curies":[{"name":"wp","href":"https:\/\/api.w.org\/{rel}","templated":true}]}}