{"id":23,"date":"2025-12-09T20:54:21","date_gmt":"2025-12-09T19:54:21","guid":{"rendered":"https:\/\/bowenpiotrkow.pl\/?page_id=23"},"modified":"2025-12-12T13:50:18","modified_gmt":"2025-12-12T12:50:18","slug":"strona-glowna-3","status":"publish","type":"page","link":"https:\/\/bowenpiotrkow.pl\/","title":{"rendered":"Strona G\u0142\u00f3wna"},"content":{"rendered":"\n<div class=\"wp-block-group has-theme-palette-4-color has-text-color has-background has-link-color wp-elements-900092900bb024cb5df32aeb8c2bffd2\" style=\"border-top-left-radius:0px;border-top-right-radius:0px;border-bottom-left-radius:0px;border-bottom-right-radius:0px;background-color:#fafaf7;margin-top:0px;margin-bottom:0px;padding-top:40px;padding-right:20px;padding-bottom:40px;padding-left:20px\"><div class=\"wp-block-group__inner-container is-layout-constrained wp-container-core-group-is-layout-f33879c8 wp-block-group-is-layout-constrained\">\n<div class=\"wp-block-group\"><div class=\"wp-block-group__inner-container is-layout-constrained wp-block-group-is-layout-constrained\">\n<figure class=\"wp-block-image size-large\"><img fetchpriority=\"high\" decoding=\"async\" width=\"1024\" height=\"372\" src=\"https:\/\/bowenpiotrkow.pl\/wp-content\/uploads\/2025\/12\/Strona-glowna-baner-2-1024x372.jpg\" alt=\"\" class=\"wp-image-73\" srcset=\"https:\/\/bowenpiotrkow.pl\/wp-content\/uploads\/2025\/12\/Strona-glowna-baner-2-1024x372.jpg 1024w, https:\/\/bowenpiotrkow.pl\/wp-content\/uploads\/2025\/12\/Strona-glowna-baner-2-300x109.jpg 300w, https:\/\/bowenpiotrkow.pl\/wp-content\/uploads\/2025\/12\/Strona-glowna-baner-2-768x279.jpg 768w, https:\/\/bowenpiotrkow.pl\/wp-content\/uploads\/2025\/12\/Strona-glowna-baner-2-1536x559.jpg 1536w, https:\/\/bowenpiotrkow.pl\/wp-content\/uploads\/2025\/12\/Strona-glowna-baner-2-2048x745.jpg 2048w\" sizes=\"(max-width: 1024px) 100vw, 1024px\" \/><\/figure>\n<\/div><\/div>\n\n\n\n<h2 class=\"wp-block-heading has-text-align-center has-text-color has-link-color has-large-font-size wp-elements-3a089e30fcb125e43be0f9994fb5796e\" style=\"color:#564127\">  Terapia Bowena i masa\u017c Bella Mimica \u2013                          profesjonalna praca z cia\u0142em w Piotrkowie Trybunalskim<\/h2>\n\n\n\n<p class=\"has-text-align-center has-text-color has-link-color wp-elements-7a971d92a923c8ecdce6386c5afc28b0\" style=\"color:#564127\">Witam Ci\u0119 w miejscu, w kt\u00f3rym cia\u0142o mo\u017ce wr\u00f3ci\u0107 do r\u00f3wnowagi, a uk\u0142ad nerwowy mo\u017ce wreszcie odetchn\u0105\u0107.<br>Pracuj\u0119 technik\u0105 Bowena oraz masa\u017cem twarzy Bella Mimica \u2013 metodami, kt\u00f3re przynosz\u0105 ulg\u0119 w b\u00f3lu, wspieraj\u0105 regeneracj\u0119, rozlu\u017anienie i naturalne procesy samonaprawcze organizmu.<\/p>\n\n\n\n<div class=\"wp-block-columns are-vertically-aligned-top is-layout-flex wp-container-core-columns-is-layout-9d6595d7 wp-block-columns-is-layout-flex\">\n<div class=\"wp-block-column is-vertically-aligned-top is-layout-flow wp-block-column-is-layout-flow\"><div class=\"wp-block-image\">\n<figure class=\"aligncenter size-full is-resized\"><a class=\"hover-image\" href=\"https:\/\/bowenpiotrkow.pl\/?page_id=28\"><img decoding=\"async\" width=\"800\" height=\"400\" src=\"https:\/\/bowenpiotrkow.pl\/wp-content\/uploads\/2025\/12\/Przycisk-Technika-Bowena.jpg\" alt=\"\" class=\"wp-image-88\" style=\"aspect-ratio:1.9999531466929845;width:304px;height:auto\" srcset=\"https:\/\/bowenpiotrkow.pl\/wp-content\/uploads\/2025\/12\/Przycisk-Technika-Bowena.jpg 800w, https:\/\/bowenpiotrkow.pl\/wp-content\/uploads\/2025\/12\/Przycisk-Technika-Bowena-300x150.jpg 300w, https:\/\/bowenpiotrkow.pl\/wp-content\/uploads\/2025\/12\/Przycisk-Technika-Bowena-768x384.jpg 768w\" sizes=\"(max-width: 800px) 100vw, 800px\" \/><\/a><\/figure>\n<\/div>\n\n\n<div class=\"wp-block-group\"><div class=\"wp-block-group__inner-container is-layout-constrained wp-block-group-is-layout-constrained\">\n<h5 class=\"wp-block-heading has-text-align-center\">Technika Bowena \u2013 delikatny impuls do zmiany<\/h5>\n<\/div><\/div>\n\n\n\n<ul class=\"wp-block-list\">\n<li>redukuje napi\u0119cia mi\u0119\u015bniowe i stres<\/li>\n\n\n\n<li>wspiera prac\u0119 uk\u0142adu nerwowego<\/li>\n\n\n\n<li>pomaga przy b\u00f3lu plec\u00f3w, szyi, bark\u00f3w i przeci\u0105\u017ceniach<\/li>\n\n\n\n<li>odpowiednia tak\u017ce dla os\u00f3b bardzo wra\u017cliwych\n<ul class=\"wp-block-list\">\n<li><a href=\"https:\/\/bowenpiotrkow.pl\/?page_id=28\" data-type=\"page\" data-id=\"28\">wi\u0119cej \u2192<\/a> <\/li>\n<\/ul>\n<\/li>\n<\/ul>\n<\/div>\n\n\n\n<div class=\"wp-block-column is-vertically-aligned-top is-layout-flow wp-block-column-is-layout-flow\"><div class=\"wp-block-image\">\n<figure class=\"aligncenter size-full is-resized\"><a class=\"hover-image\" href=\"https:\/\/bowenpiotrkow.pl\/?page_id=30\"><img decoding=\"async\" width=\"800\" height=\"400\" src=\"https:\/\/bowenpiotrkow.pl\/wp-content\/uploads\/2025\/12\/Przycisk-Bella-Mimica.jpg\" alt=\"\" class=\"wp-image-89\" style=\"aspect-ratio:1.9999531466929845;width:296px;height:auto\" srcset=\"https:\/\/bowenpiotrkow.pl\/wp-content\/uploads\/2025\/12\/Przycisk-Bella-Mimica.jpg 800w, https:\/\/bowenpiotrkow.pl\/wp-content\/uploads\/2025\/12\/Przycisk-Bella-Mimica-300x150.jpg 300w, https:\/\/bowenpiotrkow.pl\/wp-content\/uploads\/2025\/12\/Przycisk-Bella-Mimica-768x384.jpg 768w\" sizes=\"(max-width: 800px) 100vw, 800px\" \/><\/a><\/figure>\n<\/div>\n\n\n<h5 class=\"wp-block-heading has-text-align-center\">Bella Mimica \u2013 naturalny lifting twarzy<\/h5>\n\n\n\n<ul class=\"wp-block-list\">\n<li>poprawia owal i j\u0119drno\u015b\u0107<\/li>\n\n\n\n<li>wycisza napi\u0119cia mimiczne<\/li>\n\n\n\n<li>roz\u015bwietla i uelastycznia sk\u00f3r\u0119<\/li>\n\n\n\n<li> <a href=\"https:\/\/bowenpiotrkow.pl\/?page_id=30\" data-type=\"page\" data-id=\"30\">wi\u0119cej \u2192<\/a> <\/li>\n<\/ul>\n<\/div>\n\n\n\n<div class=\"wp-block-column is-vertically-aligned-top is-layout-flow wp-block-column-is-layout-flow\"><div class=\"wp-block-image\">\n<figure class=\"aligncenter size-full is-resized\"><a class=\"hover-image\" href=\"https:\/\/bowenpiotrkow.pl\/?page_id=32\"><img loading=\"lazy\" decoding=\"async\" width=\"800\" height=\"400\" src=\"https:\/\/bowenpiotrkow.pl\/wp-content\/uploads\/2025\/12\/Przycisk-Umow-sie-na-zabieg.jpg\" alt=\"\" class=\"wp-image-99\" style=\"aspect-ratio:1.9999531466929845;width:288px;height:auto\" srcset=\"https:\/\/bowenpiotrkow.pl\/wp-content\/uploads\/2025\/12\/Przycisk-Umow-sie-na-zabieg.jpg 800w, https:\/\/bowenpiotrkow.pl\/wp-content\/uploads\/2025\/12\/Przycisk-Umow-sie-na-zabieg-300x150.jpg 300w, https:\/\/bowenpiotrkow.pl\/wp-content\/uploads\/2025\/12\/Przycisk-Umow-sie-na-zabieg-768x384.jpg 768w\" sizes=\"(max-width: 800px) 100vw, 800px\" \/><\/a><\/figure>\n<\/div>\n\n\n<h5 class=\"wp-block-heading has-text-align-center\">Zapraszam do kontaktu i um\u00f3wienia wizyty<\/h5>\n\n\n\n<p>Tw\u00f3j dobrostan i komfort s\u0105 dla mnie najwa\u017cniejsze<\/p>\n\n\n\n<p><a href=\"https:\/\/bowenpiotrkow.pl\/?page_id=32\" data-type=\"page\" data-id=\"32\">wi\u0119cej \u2192<\/a><\/p>\n<\/div>\n<\/div>\n<\/div><\/div>\n\n\n\n<p><\/p>\n","protected":false},"excerpt":{"rendered":"<p>Terapia Bowena i masa\u017c Bella Mimica \u2013 profesjonalna praca z cia\u0142em w Piotrkowie Trybunalskim Witam Ci\u0119 w miejscu, w kt\u00f3rym cia\u0142o mo\u017ce wr\u00f3ci\u0107 do r\u00f3wnowagi, a uk\u0142ad nerwowy mo\u017ce wreszcie odetchn\u0105\u0107.Pracuj\u0119 technik\u0105 Bowena oraz masa\u017cem twarzy Bella Mimica \u2013 metodami, kt\u00f3re przynosz\u0105 ulg\u0119 w b\u00f3lu, wspieraj\u0105 regeneracj\u0119, rozlu\u017anienie i naturalne procesy samonaprawcze organizmu. Technika Bowena&#8230;<\/p>\n","protected":false},"author":1,"featured_media":0,"parent":0,"menu_order":1,"comment_status":"closed","ping_status":"closed","template":"","meta":{"_kad_post_transparent":"","_kad_post_title":"","_kad_post_layout":"normal","_kad_post_sidebar_id":"","_kad_post_content_style":"","_kad_post_vertical_padding":"","_kad_post_feature":"","_kad_post_feature_position":"","_kad_post_header":false,"_kad_post_footer":false,"_kad_post_classname":"","footnotes":""},"class_list":["post-23","page","type-page","status-publish","hentry"],"_links":{"self":[{"href":"https:\/\/bowenpiotrkow.pl\/index.php?rest_route=\/wp\/v2\/pages\/23","targetHints":{"allow":["GET"]}}],"collection":[{"href":"https:\/\/bowenpiotrkow.pl\/index.php?rest_route=\/wp\/v2\/pages"}],"about":[{"href":"https:\/\/bowenpiotrkow.pl\/index.php?rest_route=\/wp\/v2\/types\/page"}],"author":[{"embeddable":true,"href":"https:\/\/bowenpiotrkow.pl\/index.php?rest_route=\/wp\/v2\/users\/1"}],"replies":[{"embeddable":true,"href":"https:\/\/bowenpiotrkow.pl\/index.php?rest_route=%2Fwp%2Fv2%2Fcomments&post=23"}],"version-history":[{"count":24,"href":"https:\/\/bowenpiotrkow.pl\/index.php?rest_route=\/wp\/v2\/pages\/23\/revisions"}],"predecessor-version":[{"id":111,"href":"https:\/\/bowenpiotrkow.pl\/index.php?rest_route=\/wp\/v2\/pages\/23\/revisions\/111"}],"wp:attachment":[{"href":"https:\/\/bowenpiotrkow.pl\/index.php?rest_route=%2Fwp%2Fv2%2Fmedia&parent=23"}],"curies":[{"name":"wp","href":"https:\/\/api.w.org\/{rel}","templated":true}]}}